{"id":18,"date":"2020-10-19T10:58:30","date_gmt":"2020-10-19T08:58:30","guid":{"rendered":"https:\/\/saotrading.com\/?page_id=18"},"modified":"2022-04-13T14:48:56","modified_gmt":"2022-04-13T12:48:56","slug":"site-en-construction","status":"publish","type":"page","link":"https:\/\/saotrading.com\/","title":{"rendered":"(Site en construction)"},"content":{"rendered":"\n<h1 class=\"has-text-align-center\">Un nouveau partenaire \u00e0 vos c\u00f4t\u00e9s<\/h1>\n\n\n\n<h2 class=\"has-text-align-center\">A new partner by your side<\/h2>\n\n\n\n<div class=\"wp-block-buttons aligncenter\">\n<div class=\"wp-block-button is-style-primary\"><a class=\"wp-block-button__link\" href=\"https:\/\/saotrading.com\/wp-content\/uploads\/2022\/04\/Catalogue-SAO-TRADING-FR-bd.pdf\" style=\"border-radius:50px\" target=\"_blank\" rel=\"noreferrer noopener\">D\u00e9couvrir le nouveau catalogue<\/a><\/div>\n\n\n\n<div class=\"wp-block-button is-style-primary\"><a class=\"wp-block-button__link\" href=\"https:\/\/saotrading.com\/wp-content\/uploads\/2022\/04\/Catalogue-SAO-TRADING-EN-bd.pdf\" style=\"border-radius:50px\" target=\"_blank\" rel=\"noreferrer noopener\">Discover the new catalogue<\/a><\/div>\n<\/div>\n\n\n\n<p><\/p>\n","protected":false},"excerpt":{"rendered":"<p>Un nouveau partenaire \u00e0 vos c\u00f4t\u00e9s A new partner by your side<\/p>\n","protected":false},"author":2,"featured_media":0,"parent":0,"menu_order":0,"comment_status":"closed","ping_status":"closed","template":"","meta":{"neve_meta_sidebar":"default","neve_meta_container":"default","neve_meta_enable_content_width":"","neve_meta_content_width":0,"neve_meta_title_alignment":"center","neve_meta_author_avatar":"","neve_post_elements_order":"","neve_meta_disable_header":"","neve_meta_disable_footer":"","neve_meta_disable_title":""},"_links":{"self":[{"href":"https:\/\/saotrading.com\/index.php\/wp-json\/wp\/v2\/pages\/18"}],"collection":[{"href":"https:\/\/saotrading.com\/index.php\/wp-json\/wp\/v2\/pages"}],"about":[{"href":"https:\/\/saotrading.com\/index.php\/wp-json\/wp\/v2\/types\/page"}],"author":[{"embeddable":true,"href":"https:\/\/saotrading.com\/index.php\/wp-json\/wp\/v2\/users\/2"}],"replies":[{"embeddable":true,"href":"https:\/\/saotrading.com\/index.php\/wp-json\/wp\/v2\/comments?post=18"}],"version-history":[{"count":29,"href":"https:\/\/saotrading.com\/index.php\/wp-json\/wp\/v2\/pages\/18\/revisions"}],"predecessor-version":[{"id":105,"href":"https:\/\/saotrading.com\/index.php\/wp-json\/wp\/v2\/pages\/18\/revisions\/105"}],"wp:attachment":[{"href":"https:\/\/saotrading.com\/index.php\/wp-json\/wp\/v2\/media?parent=18"}],"curies":[{"name":"wp","href":"https:\/\/api.w.org\/{rel}","templated":true}]}}